
{"id":14284,"date":"2025-06-25T17:38:17","date_gmt":"2025-06-25T15:38:17","guid":{"rendered":"https:\/\/wide-vision.pl\/?page_id=14284"},"modified":"2025-10-01T03:29:32","modified_gmt":"2025-10-01T01:29:32","slug":"pr","status":"publish","type":"page","link":"https:\/\/wide-vision.pl\/en\/pr\/","title":{"rendered":"Pr"},"content":{"rendered":"\n\t<section class=\"section\" id=\"section_1057027699\">\n\t\t<div class=\"bg section-bg fill bg-fill bg-loaded bg-loaded\" >\n\n\t\t\t\n\t\t\t\n\t\t\t\n\n\t\t<\/div>\n\n\t\t\n\n\t\t<div class=\"section-content relative\">\n\t\t\t\n\n\t<div id=\"gap-333593131\" class=\"gap-element clearfix\" style=\"display:block; height:auto;\">\n\t\t\n<style>\n#gap-333593131 {\n  padding-top: 30px;\n}\n<\/style>\n\t<\/div>\n\t\n\n\n  <div class=\"banner has-hover\" id=\"banner-1688269610\">\n          <div class=\"banner-inner fill\">\n        <div class=\"banner-bg fill\" >\n            <div class=\"bg fill bg-fill bg-loaded\"><\/div>\n                                    \n                    <\/div>\n\t\t\n        <div class=\"banner-layers container\">\n            <div class=\"fill banner-link\"><\/div>            \n\n   <div id=\"text-box-928713190\" class=\"text-box banner-layer x15 md-x15 lg-x15 y50 md-y50 lg-y50 res-text\">\n                                <div class=\"text-box-content text \">\n              \n              <div class=\"text-inner text-center\">\n                  \n\n\t<div id=\"text-2741144939\" class=\"text\">\n\t\t\n\n<h1>PR<\/h1>\n\t\t\n<style>\n#text-2741144939 {\n  font-size: 1rem;\n  line-height: 1.5;\n  text-align: left;\n}\n<\/style>\n\t<\/div>\n\t\n\t<div id=\"text-2343847364\" class=\"text\">\n\t\t\n\n<p class=\"lead\">Forget about the image of your company. Take care of your relations.<\/p>\n<p>Forget about the traditional approach to PR. Use our support to create a coherent and effective communication strategy that will bring you real results. <\/p>\n\n\t\t\n<style>\n#text-2343847364 {\n  font-size: 1rem;\n  text-align: left;\n}\n<\/style>\n\t<\/div>\n\t\n\n              <\/div>\n           <\/div>\n                            \n<style>\n#text-box-928713190 {\n  width: 42%;\n}\n#text-box-928713190 .text-box-content {\n  font-size: 100%;\n}\n<\/style>\n    <\/div>\n \n\n        <\/div>\n      <\/div>\n\n            \n<style>\n#banner-1688269610 {\n  padding-top: 200px;\n  background-color: #ffdd08;\n}\n<\/style>\n  <\/div>\n\n\n\n\t\t<\/div>\n\n\t\t\n<style>\n#section_1057027699 {\n  padding-top: 0px;\n  padding-bottom: 0px;\n  background-color: #ffdd08;\n}\n<\/style>\n\t<\/section>\n\t\n<div class=\"slider-wrapper relative\" id=\"slider-631448505\" style=\"background-color:rgb(111, 166, 212);\">\n    <div class=\"slider slider-nav-simple slider-nav-large slider-nav-light slider-nav-outside slider-style-normal slider-show-nav\"\n        data-flickity-options='{\n            \"cellAlign\": \"center\",\n            \"imagesLoaded\": true,\n            \"lazyLoad\": 1,\n            \"freeScroll\": false,\n            \"wrapAround\": true,\n            \"autoPlay\": 3000,\n            \"pauseAutoPlayOnHover\" : false,\n            \"prevNextButtons\": true,\n            \"contain\" : true,\n            \"adaptiveHeight\" : true,\n            \"dragThreshold\" : 10,\n            \"percentPosition\": true,\n            \"pageDots\": false,\n            \"rightToLeft\": false,\n            \"draggable\": true,\n            \"selectedAttraction\": 0.1,\n            \"parallax\" : 0,\n            \"friction\": 0.6        }'\n        >\n        \n\n\t<section class=\"section\" id=\"section_4135646\">\n\t\t<div class=\"bg section-bg fill bg-fill bg-loaded \" >\n\n\t\t\t\n\t\t\t\n\t\t\t\n\n\t\t<\/div>\n\n\t\t\t<div class=\"ux-shape-divider ux-shape-divider--top ux-shape-divider--style-waves\">\n\t\t<svg viewBox=\"0 0 1200 120\" xmlns=\"http:\/\/www.w3.org\/2000\/svg\" preserveAspectRatio=\"none\">\n  <path class=\"ux-shape-fill\" d=\"M321.39 63.56c58 10.79 114.16 30.13 172 41.86 82.39 16.72 168.19 17.73 250.45.39C823.78 89 906.67 48 985.66 27.17c70.05-18.48 146.53-26.09 214.34-3V120H0V92.65a600.21 600.21 0 01321.39-29.09z\"\/>\n<\/svg>\n\t<\/div>\n\n\n\t\t<div class=\"section-content relative\">\n\t\t\t\n\n\n\t\t<\/div>\n\n\t\t\n<style>\n#section_4135646 {\n  padding-top: 0px;\n  padding-bottom: 0px;\n  min-height: 380px;\n}\n#section_4135646 .section-bg.bg-loaded {\n  background-image: url(https:\/\/wide-vision.pl\/wp-content\/uploads\/2025\/08\/AdobeStock_508261860-1536x1024.jpg);\n}\n#section_4135646 .section-bg {\n  background-position: 32% 65%;\n}\n#section_4135646 .ux-shape-divider--top svg {\n  height: 150px;\n  --divider-top-width: 100%;\n}\n#section_4135646 .ux-shape-divider--top .ux-shape-fill {\n  fill: #ffdd08;\n}\n<\/style>\n\t<\/section>\n\t\n\n     <\/div>\n\n     <div class=\"loading-spin dark large centered\"><\/div>\n\n\t<\/div>\n\n\n\t<section class=\"section\" id=\"section_208798834\">\n\t\t<div class=\"bg section-bg fill bg-fill bg-loaded bg-loaded\" >\n\n\t\t\t\n\t\t\t\n\t\t\t\n\n\t\t<\/div>\n\n\t\t\n\n\t\t<div class=\"section-content relative\">\n\t\t\t\n\n\t<div id=\"gap-990350351\" class=\"gap-element clearfix\" style=\"display:block; height:auto;\">\n\t\t\n<style>\n#gap-990350351 {\n  padding-top: 30px;\n}\n<\/style>\n\t<\/div>\n\t\n\n<div class=\"row row-large align-middle\"  id=\"row-324144272\">\n\n\n\t<div id=\"col-1761986658\" class=\"col medium-5 small-9 large-5\"  >\n\t\t\t\t<div class=\"col-inner text-right\"  >\n\t\t\t\n\t\t\t\n\n\t<div class=\"img has-hover marketing_portofiol x md-x lg-x y md-y lg-y\" id=\"image_294239632\">\n\t\t\t\t\t\t\t\t<div class=\"img-inner dark\" style=\"margin:0px 0px 0px 0px;\">\n\t\t\t<img decoding=\"async\" src=\"https:\/\/wide-vision.pl\/wp-content\/uploads\/2025\/08\/ikony-wv_pr.svg\" class=\"attachment-original size-original\" alt=\"\" \/>\t\t\t\t\t\t\n\t\t\t\t\t<\/div>\n\t\t\t\t\t\t\t\t\n<style>\n#image_294239632 {\n  width: 66%;\n}\n@media (min-width:550px) {\n  #image_294239632 {\n    width: 60%;\n  }\n}\n@media (min-width:850px) {\n  #image_294239632 {\n    width: 50%;\n  }\n}\n<\/style>\n\t<\/div>\n\t\n\n\n\t\t<\/div>\n\t\t\t\t\t<\/div>\n\n\t\n\n\t<div id=\"col-1210160098\" class=\"col medium-7 small-12 large-7\"  >\n\t\t\t\t<div class=\"col-inner\"  >\n\t\t\t\n\t\t\t\n\n\t<div id=\"text-3758025321\" class=\"text portfolio-ws\">\n\t\t\n\n<h2>WHEN YOU HEAR &#8220;PR,&#8221; YOU THINK &#8220;IMAGE&#8221;<\/h2>\n\n\t\t\t<\/div>\n\t\n<p>That&#8217;s normal. But it&#8217;s not just about the image here. PR is primarily a way of communicating with your audience. Whether it&#8217;s product operations, your business, or crisis management. Imagine if your business could be based on real, close relationships \u2013 without marketing lies and far-fetched facts. How to achieve it? We will guide you through this process step by step. We will support you in traditional communication, but also in the one based on social media. Let Public Relations be not only a perfect complement to your marketing activities, but above all a planned and long-term way of communicating with your immediate and further environment.<\/p>\n\n\n\t\t<\/div>\n\t\t\t\t\t<\/div>\n\n\t\n\n<\/div>\n\n\t\t<\/div>\n\n\t\t\n<style>\n#section_208798834 {\n  padding-top: 30px;\n  padding-bottom: 30px;\n}\n<\/style>\n\t<\/section>\n\t\n\t<section class=\"section\" id=\"section_1033138462\">\n\t\t<div class=\"bg section-bg fill bg-fill bg-loaded bg-loaded\" >\n\n\t\t\t\n\t\t\t\n\t\t\t\n\n\t\t<\/div>\n\n\t\t\n\n\t\t<div class=\"section-content relative\">\n\t\t\t\n\n\n  <div class=\"banner has-hover\" id=\"banner-23138858\">\n          <div class=\"banner-inner fill\">\n        <div class=\"banner-bg fill\" >\n            <div class=\"bg fill bg-fill bg-loaded\"><\/div>\n                                    \n                    <\/div>\n\t\t\n        <div class=\"banner-layers container\">\n            <div class=\"fill banner-link\"><\/div>            \n\n   <div id=\"text-box-1149590613\" class=\"text-box banner-layer x50 md-x50 lg-x50 y50 md-y50 lg-y50 res-text\">\n                                <div class=\"text-box-content text dark\">\n              \n              <div class=\"text-inner text-center\">\n                  \n\n\n              <\/div>\n           <\/div>\n                            \n<style>\n#text-box-1149590613 {\n  width: 60%;\n}\n#text-box-1149590613 .text-box-content {\n  font-size: 100%;\n}\n@media (min-width:550px) {\n  #text-box-1149590613 {\n    width: 60%;\n  }\n}\n<\/style>\n    <\/div>\n \n\n        <\/div>\n      <\/div>\n\n            \n<style>\n#banner-23138858 {\n  padding-top: 500px;\n}\n#banner-23138858 .bg.bg-loaded {\n  background-image: url(https:\/\/wide-vision.pl\/wp-content\/uploads\/2025\/08\/AdobeStock_367504705-1-1536x700.jpg);\n}\n<\/style>\n  <\/div>\n\n\n\n\t\t<\/div>\n\n\t\t\n<style>\n#section_1033138462 {\n  padding-top: 0px;\n  padding-bottom: 0px;\n}\n<\/style>\n\t<\/section>\n\t\n\t<section class=\"section\" id=\"section_1066088126\">\n\t\t<div class=\"bg section-bg fill bg-fill bg-loaded bg-loaded\" >\n\n\t\t\t\n\t\t\t\n\t\t\t\n\n\t\t<\/div>\n\n\t\t\n\n\t\t<div class=\"section-content relative\">\n\t\t\t\n\n<div class=\"row\"  id=\"row-847244912\">\n\n\n\t<div id=\"col-1731191991\" class=\"col small-12 large-12\"  >\n\t\t\t\t<div class=\"col-inner\"  >\n\t\t\t\n\t\t\t\n\n\t<div id=\"gap-1691447625\" class=\"gap-element clearfix\" style=\"display:block; height:auto;\">\n\t\t\n<style>\n#gap-1691447625 {\n  padding-top: 30px;\n}\n<\/style>\n\t<\/div>\n\t\n\n<p>Our PR agency understands that content is key to building lasting relationships with the audience. That is why we offer comprehensive support in creating valuable content that engages and builds trust. Our experienced team of copywriters will ensure that each message is clear, convincing and tailored to your needs. We offer a wide range of editorial services, including the creation of press articles, website content, social media posts and materials for publication on blogs and industry portals. Regardless of the format or distribution channel, our texts are always professionally developed, aimed at effectively reaching your target audience and strengthening the image of your brand as an authority in its field.    <\/p>\n\n\n\t\t<\/div>\n\t\t\t\t\n<style>\n#col-1731191991 > .col-inner {\n  padding: 0px 0px 0px 0px;\n}\n@media (min-width:550px) {\n  #col-1731191991 > .col-inner {\n    padding: 0px 128px 0px 128px;\n  }\n}\n<\/style>\n\t<\/div>\n\n\t\n\n<\/div>\n\n\t\t<\/div>\n\n\t\t\n<style>\n#section_1066088126 {\n  padding-top: 0px;\n  padding-bottom: 0px;\n}\n<\/style>\n\t<\/section>\n\t\n\t<section class=\"section\" id=\"section_1911421134\">\n\t\t<div class=\"bg section-bg fill bg-fill bg-loaded bg-loaded\" >\n\n\t\t\t\n\t\t\t\n\t\t\t\n\n\t\t<\/div>\n\n\t\t\n\n\t\t<div class=\"section-content relative\">\n\t\t\t\n\n\t<div id=\"gap-1722848724\" class=\"gap-element clearfix\" style=\"display:block; height:auto;\">\n\t\t\n<style>\n#gap-1722848724 {\n  padding-top: 30px;\n}\n<\/style>\n\t<\/div>\n\t\n\n<div class=\"row row-large align-middle\"  id=\"row-958214450\">\n\n\n\t<div id=\"col-1967998159\" class=\"col medium-5 small-5 large-4\"  >\n\t\t\t\t<div class=\"col-inner text-right\"  >\n\t\t\t\n\t\t\t\n\n\t<div class=\"img has-hover marketing2_portofiol x md-x lg-x y md-y lg-y\" id=\"image_1517689973\">\n\t\t\t\t\t\t\t\t<div class=\"img-inner dark\" >\n\t\t\t<img decoding=\"async\" src=\"https:\/\/wide-vision.pl\/wp-content\/uploads\/2025\/08\/pr.svg\" class=\"attachment-original size-original\" alt=\"\" \/>\t\t\t\t\t\t\n\t\t\t\t\t<\/div>\n\t\t\t\t\t\t\t\t\n<style>\n#image_1517689973 {\n  width: 60%;\n}\n@media (min-width:850px) {\n  #image_1517689973 {\n    width: 50%;\n  }\n}\n<\/style>\n\t<\/div>\n\t\n\n\n\t\t<\/div>\n\t\t\t\t\t<\/div>\n\n\t\n\n\t<div id=\"col-333042400\" class=\"col medium-7 small-12 large-7\"  >\n\t\t\t\t<div class=\"col-inner\"  >\n\t\t\t\n\t\t\t\n\n<div class=\"flex-shrink-0 flex flex-col relative items-end\">\n<div>\n<div class=\"pt-0.5 juice:pt-0\">\n<div class=\"gizmo-bot-avatar flex h-6 w-6 items-center justify-center overflow-hidden rounded-full juice:h-8 juice:w-8\">\n<div class=\"relative p-1 rounded-sm flex items-center justify-center bg-token-main-surface-primary text-token-text-primary h-8 w-8\"> <\/div>\n<\/div>\n<\/div>\n<\/div>\n<\/div>\n<div class=\"group\/conversation-turn relative flex w-full min-w-0 flex-col agent-turn\">\n<div class=\"flex-col gap-1 md:gap-3\">\n<div class=\"flex flex-grow flex-col max-w-full\">\n<div class=\"min-h-&#091;20px&#093; text-message flex flex-col items-start whitespace-pre-wrap break-words &#091;.text-message+&amp;&#093;:mt-5 juice:w-full juice:items-end overflow-x-auto gap-2\" dir=\"auto\" data-message-author-role=\"assistant\" data-message-id=\"b8ada247-6768-47ec-991b-4969ef8843ec\">\n<div class=\"flex w-full flex-col gap-1 juice:empty:hidden juice:first:pt-&#091;3px&#093;\">\n<div class=\"markdown prose w-full break-words dark:prose-invert light\">\n<p>We do not limit ourselves to online activities. We also organize conferences and briefings to enable you to interact directly with the media and other stakeholders. This allows you to present your messages clearly and effectively, gaining additional visibility and engagement. Our PR agency is involved in the comprehensive preparation of each event, providing professional logistical and technical support, as well as effective promotion before and after the conference. We create an inspiring atmosphere, conducive to establishing valuable business and media relationships, which is crucial for building a positive image of your brand.    <\/p>\n<p><a href=\"https:\/\/www.linkedin.com\/company\/26180229\/admin\/feed\/posts\/\" target=\"_blank\" rel=\"noopener\"><a href=\"https:\/\/www.linkedin.com\/company\/26180229\/admin\/feed\/posts\/\" target=\"_blank\" rel=\"noopener\">We inform about current events on our LinkedIn profile.<\/a><\/a><\/p>\n<\/div>\n<\/div>\n<\/div>\n<\/div>\n<\/div>\n<\/div>\n\n\n\t\t<\/div>\n\t\t\t\t\t<\/div>\n\n\t\n\n<\/div>\n\n\t\t<\/div>\n\n\t\t\n<style>\n#section_1911421134 {\n  padding-top: 30px;\n  padding-bottom: 30px;\n  background-color: rgb(238, 238, 238);\n}\n<\/style>\n\t<\/section>\n\t\n\t<section class=\"section\" id=\"section_192824767\">\n\t\t<div class=\"bg section-bg fill bg-fill bg-loaded \" >\n\n\t\t\t\n\t\t\t\n\t\t\t\n\n\t\t<\/div>\n\n\t\t\n\n\t\t<div class=\"section-content relative\">\n\t\t\t\n\n<div class=\"row align-middle\" style=\"max-width:1000px\" id=\"row-914269999\">\n\n\n\t<div id=\"col-839700714\" class=\"col medium-6 small-12 large-6\"  >\n\t\t\t\t<div class=\"col-inner\"  >\n\t\t\t\n\t\t\t\n\n<p>Our approach is based on continuous dialogue and adaptation to changing market needs. We create PR strategies based on authenticity, transparency, and building long-term relationships. Thanks to this, you can effectively build a positive brand image and achieve business goals. Use our support to create a coherent and effective communication strategy that will bring you real results.   <\/p>\n<p><a href=\"https:\/\/wide-vision.pl\/uslugi\/\"><a href=\"https:\/\/wide-vision.pl\/uslugi\/\">Learn more about our other services.<\/a><\/a><\/p>\n\n\n\t\t<\/div>\n\t\t\t\t\t<\/div>\n\n\t\n\n\t<div id=\"col-504882224\" class=\"col medium-6 small-12 large-6\"  >\n\t\t\t\t<div class=\"col-inner\"  >\n\t\t\t\n\t\t\t\n\n\t<div class=\"img has-hover image-border x md-x lg-x y md-y lg-y\" id=\"image_1348501954\">\n\t\t\t\t\t\t\t\t<div class=\"img-inner dark\" >\n\t\t\t<img loading=\"lazy\" decoding=\"async\" width=\"1280\" height=\"853\" src=\"https:\/\/wide-vision.pl\/wp-content\/uploads\/2025\/08\/wide_vision_agency_communications_marketing_ESG_02.jpg\" class=\"attachment-original size-original\" alt=\"Zesp\u00f3\u0142 Wide Vision agencja komunikacji podczas pracy nad strategi\u0105 marketingow\u0105 w Warszawie\" srcset=\"https:\/\/wide-vision.pl\/wp-content\/uploads\/2025\/08\/wide_vision_agency_communications_marketing_ESG_02.jpg 1280w, https:\/\/wide-vision.pl\/wp-content\/uploads\/2025\/08\/wide_vision_agency_communications_marketing_ESG_02-300x200.jpg 300w, https:\/\/wide-vision.pl\/wp-content\/uploads\/2025\/08\/wide_vision_agency_communications_marketing_ESG_02-1024x682.jpg 1024w, https:\/\/wide-vision.pl\/wp-content\/uploads\/2025\/08\/wide_vision_agency_communications_marketing_ESG_02-768x512.jpg 768w, https:\/\/wide-vision.pl\/wp-content\/uploads\/2025\/08\/wide_vision_agency_communications_marketing_ESG_02-510x340.jpg 510w\" sizes=\"auto, (max-width: 1280px) 100vw, 1280px\" \/>\t\t\t\t\t\t\n\t\t\t\t\t<\/div>\n\t\t\t\t\t\t\t\t\n<style>\n#image_1348501954 {\n  width: 100%;\n}\n<\/style>\n\t<\/div>\n\t\n\n\n\t\t<\/div>\n\t\t\t\t\t<\/div>\n\n\t\n\n<\/div>\n\n\t\t<\/div>\n\n\t\t\n<style>\n#section_192824767 {\n  padding-top: 50px;\n  padding-bottom: 50px;\n}\n#section_192824767 .section-bg.bg-loaded {\n  background-image: url(https:\/\/wide-vision.pl\/wp-content\/uploads\/2025\/07\/Group-30.svg);\n}\n<\/style>\n\t<\/section>\n\t\n\t<section class=\"section\" id=\"section_1774649674\">\n\t\t<div class=\"bg section-bg fill bg-fill bg-loaded bg-loaded\" >\n\n\t\t\t\n\t\t\t\n\t\t\t\n\n\t\t<\/div>\n\n\t\t\n\n\t\t<div class=\"section-content relative\">\n\t\t\t\n\n\t<div id=\"gap-266214134\" class=\"gap-element clearfix\" style=\"display:block; height:auto;\">\n\t\t\n<style>\n#gap-266214134 {\n  padding-top: 30px;\n}\n<\/style>\n\t<\/div>\n\t\n\n\t<div id=\"text-3733351674\" class=\"text\">\n\t\t\n\n<p>Forget about the traditional approach to PR.<\/p>\n\n\t\t\n<style>\n#text-3733351674 {\n  font-size: 2rem;\n  text-align: center;\n  color: rgb(255, 255, 255);\n}\n#text-3733351674 > * {\n  color: rgb(255, 255, 255);\n}\n<\/style>\n\t<\/div>\n\t\n\n\t\t<\/div>\n\n\t\t\n<style>\n#section_1774649674 {\n  padding-top: 0px;\n  padding-bottom: 0px;\n  background-color: rgb(61, 61, 59);\n}\n<\/style>\n\t<\/section>\n\t\n\t<section class=\"section\" id=\"section_448213594\">\n\t\t<div class=\"bg section-bg fill bg-fill bg-loaded \" >\n\n\t\t\t\n\t\t\t\n\t\t\t\n\n\t\t<\/div>\n\n\t\t\n\n\t\t<div class=\"section-content relative\">\n\t\t\t\n\n\t<div id=\"gap-1200477993\" class=\"gap-element clearfix\" style=\"display:block; height:auto;\">\n\t\t\n<style>\n#gap-1200477993 {\n  padding-top: 50px;\n}\n<\/style>\n\t<\/div>\n\t\n\n<div class=\"row row-large align-middle\"  id=\"row-691882426\">\n\n\n\t<div id=\"col-370408808\" class=\"col medium-5 small-6 large-5\"  >\n\t\t\t\t<div class=\"col-inner text-right\"  >\n\t\t\t\n\t\t\t\n\n\t<div class=\"img has-hover marketing2_portofiol x md-x lg-x y md-y lg-y\" id=\"image_1201613093\">\n\t\t\t\t\t\t\t\t<div class=\"img-inner dark\" >\n\t\t\t<img decoding=\"async\" src=\"https:\/\/wide-vision.pl\/wp-content\/uploads\/2025\/08\/ikony-wv_strzalka.svg\" class=\"attachment-original size-original\" alt=\"\" \/>\t\t\t\t\t\t\n\t\t\t\t\t<\/div>\n\t\t\t\t\t\t\t\t\n<style>\n#image_1201613093 {\n  width: 50%;\n}\n<\/style>\n\t<\/div>\n\t\n\n\n\t\t<\/div>\n\t\t\t\t\t<\/div>\n\n\t\n\n\t<div id=\"col-902615338\" class=\"col medium-5 small-12 large-5\"  >\n\t\t\t\t<div class=\"col-inner\"  >\n\t\t\t\n\t\t\t\n\n\t<div id=\"text-2244918718\" class=\"text usluga_single\">\n\t\t\n\n<p><a href=\"https:\/\/wide-vision.pl\/kontakt\/\"><span style=\"background-color: #ffdd09;\">CONTACT US TODAY<\/span><\/a> TO LEARN MORE ABOUT HOW WE CAN HELP YOU BUILD A STRONG MEDIA PRESENCE AND INCREASE TRUST WITH YOUR AUDIENCE.<\/p>\n\n\t\t\t<\/div>\n\t\n\n\t\t<\/div>\n\t\t\t\t\t<\/div>\n\n\t\n\n<\/div>\n\n\t\t<\/div>\n\n\t\t\n<style>\n#section_448213594 {\n  padding-top: 50px;\n  padding-bottom: 50px;\n}\n#section_448213594 .section-bg.bg-loaded {\n  background-image: url(https:\/\/wide-vision.pl\/wp-content\/uploads\/2025\/07\/Group-30.svg);\n}\n<\/style>\n\t<\/section>\n\t\n\n","protected":false},"excerpt":{"rendered":"","protected":false},"author":1,"featured_media":601,"parent":0,"menu_order":0,"comment_status":"closed","ping_status":"closed","template":"page-blank.php","meta":{"footnotes":""},"class_list":["post-14284","page","type-page","status-publish","has-post-thumbnail","hentry"],"_links":{"self":[{"href":"https:\/\/wide-vision.pl\/en\/wp-json\/wp\/v2\/pages\/14284","targetHints":{"allow":["GET"]}}],"collection":[{"href":"https:\/\/wide-vision.pl\/en\/wp-json\/wp\/v2\/pages"}],"about":[{"href":"https:\/\/wide-vision.pl\/en\/wp-json\/wp\/v2\/types\/page"}],"author":[{"embeddable":true,"href":"https:\/\/wide-vision.pl\/en\/wp-json\/wp\/v2\/users\/1"}],"replies":[{"embeddable":true,"href":"https:\/\/wide-vision.pl\/en\/wp-json\/wp\/v2\/comments?post=14284"}],"version-history":[{"count":2,"href":"https:\/\/wide-vision.pl\/en\/wp-json\/wp\/v2\/pages\/14284\/revisions"}],"predecessor-version":[{"id":14286,"href":"https:\/\/wide-vision.pl\/en\/wp-json\/wp\/v2\/pages\/14284\/revisions\/14286"}],"wp:featuredmedia":[{"embeddable":true,"href":"https:\/\/wide-vision.pl\/en\/wp-json\/wp\/v2\/media\/601"}],"wp:attachment":[{"href":"https:\/\/wide-vision.pl\/en\/wp-json\/wp\/v2\/media?parent=14284"}],"curies":[{"name":"wp","href":"https:\/\/api.w.org\/{rel}","templated":true}]}}